{"id":689,"date":"2022-02-02T22:50:57","date_gmt":"2022-02-02T21:50:57","guid":{"rendered":"http:\/\/pp3bogatynia.pl\/?page_id=689"},"modified":"2026-03-08T20:47:54","modified_gmt":"2026-03-08T19:47:54","slug":"rekrutacja-2022-2023","status":"publish","type":"page","link":"https:\/\/pp3bogatynia.pl\/index.php\/rekrutacja-2022-2023\/","title":{"rendered":"Rekrutacja 2026\/2027"},"content":{"rendered":"\n<p>Rekrutacja na rok szkolny 2026\/2027<\/p>\n\n\n\n<p>Dyrektor Przedszkola Publicznego nr 3 z Oddzia\u0142ami Integracyjnymi w Bogatyni zaprasza do udzia\u0142u w rekrutacji na rok szkolny 2026\/2027<\/p>\n\n\n\n<p>Wnioski wraz ze wszystkimi za\u0142\u0105cznikami nale\u017cy sk\u0142ada\u0107 od 09.03.2026r. do 27.03.2026r w kancelarii przedszkola.<\/p>\n\n\n\n<div class=\"wp-block-file\"><a id=\"wp-block-file--media-3575607d-c149-424b-a0cc-525f20570de7\" href=\"https:\/\/pp3bogatynia.pl\/wp-content\/uploads\/2024\/02\/Oswiadczenie-o-kontynuacji-przez-rodzenstwo-edukacji-przedszkolnej.docx\">Oswiadczenie-o-kontynuacji-przez-rodzenstwo-edukacji-przedszkolnej<\/a><a href=\"https:\/\/pp3bogatynia.pl\/wp-content\/uploads\/2024\/02\/Oswiadczenie-o-kontynuacji-przez-rodzenstwo-edukacji-przedszkolnej.docx\" class=\"wp-block-file__button wp-element-button\" download aria-describedby=\"wp-block-file--media-3575607d-c149-424b-a0cc-525f20570de7\">Pobierz<\/a><\/div>\n\n\n\n<div class=\"wp-block-file\"><a id=\"wp-block-file--media-ede142b8-a330-4067-a31d-ee6edea6d181\" href=\"https:\/\/pp3bogatynia.pl\/wp-content\/uploads\/2024\/02\/ulotka-informacyjna-do-wniosku.docx\">ulotka-informacyjna-do-wniosku<\/a><a href=\"https:\/\/pp3bogatynia.pl\/wp-content\/uploads\/2024\/02\/ulotka-informacyjna-do-wniosku.docx\" class=\"wp-block-file__button wp-element-button\" download aria-describedby=\"wp-block-file--media-ede142b8-a330-4067-a31d-ee6edea6d181\">Pobierz<\/a><\/div>\n\n\n\n<div data-wp-interactive=\"core\/file\" class=\"wp-block-file\"><object data-wp-bind--hidden=\"!state.hasPdfPreview\" hidden class=\"wp-block-file__embed\" data=\"https:\/\/pp3bogatynia.pl\/wp-content\/uploads\/2024\/02\/Wniosek-o-przyjecie-do-przedszkola.pdf\" type=\"application\/pdf\" style=\"width:100%;height:600px\" aria-label=\"Osadzone z Wniosek-o-przyjecie-do-przedszkola.\"><\/object><a id=\"wp-block-file--media-bd146221-084a-486c-b3e5-f4a6aab83a87\" href=\"https:\/\/pp3bogatynia.pl\/wp-content\/uploads\/2024\/02\/Wniosek-o-przyjecie-do-przedszkola.pdf\">Wniosek-o-przyjecie-do-przedszkola<\/a><a href=\"https:\/\/pp3bogatynia.pl\/wp-content\/uploads\/2024\/02\/Wniosek-o-przyjecie-do-przedszkola.pdf\" class=\"wp-block-file__button wp-element-button\" download aria-describedby=\"wp-block-file--media-bd146221-084a-486c-b3e5-f4a6aab83a87\">Pobier<\/a><\/div>\n\n\n\n<div class=\"wp-block-file\"><a id=\"wp-block-file--media-313d31b3-99b9-487f-a6eb-f20239e61f37\" href=\"https:\/\/pp3bogatynia.pl\/wp-content\/uploads\/2024\/02\/Oswiadczenie-o-liczbie-zadeklarowanych-godzin.docx\">Oswiadczenie-o-liczbie-zadeklarowanych-godzin<\/a><a href=\"https:\/\/pp3bogatynia.pl\/wp-content\/uploads\/2024\/02\/Oswiadczenie-o-liczbie-zadeklarowanych-godzin.docx\" class=\"wp-block-file__button wp-element-button\" download aria-describedby=\"wp-block-file--media-313d31b3-99b9-487f-a6eb-f20239e61f37\">Pobierz<\/a><\/div>\n\n\n\n<div class=\"wp-block-file\"><a id=\"wp-block-file--media-eb8fbdcb-d63b-4c9e-b406-3724415f5a27\" href=\"https:\/\/pp3bogatynia.pl\/wp-content\/uploads\/2024\/02\/Oswiadczenie-o-realizacji-przez-dziecko-rocznego-przygotowania-przedszkolnego.docx\">Oswiadczenie-o-realizacji-przez-dziecko-rocznego-przygotowania-przedszkolnego<\/a><a href=\"https:\/\/pp3bogatynia.pl\/wp-content\/uploads\/2024\/02\/Oswiadczenie-o-realizacji-przez-dziecko-rocznego-przygotowania-przedszkolnego.docx\" class=\"wp-block-file__button wp-element-button\" download aria-describedby=\"wp-block-file--media-eb8fbdcb-d63b-4c9e-b406-3724415f5a27\">Pobierz<\/a><\/div>\n\n\n\n<div class=\"wp-block-file\"><a id=\"wp-block-file--media-d6efc3d2-ac01-464a-82ee-5e8ea4f26fd4\" href=\"https:\/\/pp3bogatynia.pl\/wp-content\/uploads\/2024\/02\/Oswiadczenie-o-wielodzietnosci.docx\">Oswiadczenie-o-wielodzietnosci<\/a><a href=\"https:\/\/pp3bogatynia.pl\/wp-content\/uploads\/2024\/02\/Oswiadczenie-o-wielodzietnosci.docx\" class=\"wp-block-file__button wp-element-button\" download aria-describedby=\"wp-block-file--media-d6efc3d2-ac01-464a-82ee-5e8ea4f26fd4\">Pobierz<\/a><\/div>\n\n\n\n<div class=\"wp-block-file\"><a id=\"wp-block-file--media-49e1152f-d2cb-4a89-a12f-4171249a6d8d\" href=\"https:\/\/pp3bogatynia.pl\/wp-content\/uploads\/2026\/03\/Regulamin-rekrutacji-20262027.docx\">Regulamin rekrutacji 2026:2027<\/a><a href=\"https:\/\/pp3bogatynia.pl\/wp-content\/uploads\/2026\/03\/Regulamin-rekrutacji-20262027.docx\" class=\"wp-block-file__button wp-element-button\" download aria-describedby=\"wp-block-file--media-49e1152f-d2cb-4a89-a12f-4171249a6d8d\">Pobierz<\/a><\/div>\n\n\n\n<div data-wp-interactive=\"core\/file\" class=\"wp-block-file\"><object data-wp-bind--hidden=\"!state.hasPdfPreview\" hidden class=\"wp-block-file__embed\" data=\"https:\/\/pp3bogatynia.pl\/wp-content\/uploads\/2026\/03\/Zarzadzenie-nr-19.pdf\" type=\"application\/pdf\" style=\"width:100%;height:600px\" aria-label=\"Osadzone z Zarz\u0105dzenie nr 19.\"><\/object><a id=\"wp-block-file--media-b0630714-c45c-4152-9ba5-5b7032430bb7\" href=\"https:\/\/pp3bogatynia.pl\/wp-content\/uploads\/2026\/03\/Zarzadzenie-nr-19.pdf\">Zarz\u0105dzenie nr 19<\/a><a href=\"https:\/\/pp3bogatynia.pl\/wp-content\/uploads\/2026\/03\/Zarzadzenie-nr-19.pdf\" class=\"wp-block-file__button wp-element-button\" download aria-describedby=\"wp-block-file--media-b0630714-c45c-4152-9ba5-5b7032430bb7\">Pobierz<\/a><\/div>\n","protected":false},"excerpt":{"rendered":"<p>Rekrutacja na rok szkolny 2026\/2027 Dyrektor Przedszkola Publicznego nr 3 z Oddzia\u0142ami Integracyjnymi w Bogatyni zaprasza do udzia\u0142u w rekrutacji na rok szkolny 2026\/2027 Wnioski wraz ze wszystkimi za\u0142\u0105cznikami nale\u017cy sk\u0142ada\u0107 od 09.03.2026r. do 27.03.2026r w kancelarii przedszkola.<\/p>\n","protected":false},"author":1,"featured_media":0,"parent":0,"menu_order":0,"comment_status":"closed","ping_status":"closed","template":"","meta":{"footnotes":""},"class_list":["post-689","page","type-page","status-publish","hentry"],"_links":{"self":[{"href":"https:\/\/pp3bogatynia.pl\/index.php\/wp-json\/wp\/v2\/pages\/689","targetHints":{"allow":["GET"]}}],"collection":[{"href":"https:\/\/pp3bogatynia.pl\/index.php\/wp-json\/wp\/v2\/pages"}],"about":[{"href":"https:\/\/pp3bogatynia.pl\/index.php\/wp-json\/wp\/v2\/types\/page"}],"author":[{"embeddable":true,"href":"https:\/\/pp3bogatynia.pl\/index.php\/wp-json\/wp\/v2\/users\/1"}],"replies":[{"embeddable":true,"href":"https:\/\/pp3bogatynia.pl\/index.php\/wp-json\/wp\/v2\/comments?post=689"}],"version-history":[{"count":25,"href":"https:\/\/pp3bogatynia.pl\/index.php\/wp-json\/wp\/v2\/pages\/689\/revisions"}],"predecessor-version":[{"id":1264,"href":"https:\/\/pp3bogatynia.pl\/index.php\/wp-json\/wp\/v2\/pages\/689\/revisions\/1264"}],"wp:attachment":[{"href":"https:\/\/pp3bogatynia.pl\/index.php\/wp-json\/wp\/v2\/media?parent=689"}],"curies":[{"name":"wp","href":"https:\/\/api.w.org\/{rel}","templated":true}]}}