{"id":19,"date":"2019-10-06T21:53:11","date_gmt":"2019-10-06T19:53:11","guid":{"rendered":"http:\/\/pp3bogatynia.pl\/index.php\/zajecia\/"},"modified":"2021-03-11T13:56:34","modified_gmt":"2021-03-11T12:56:34","slug":"zajecia","status":"publish","type":"page","link":"https:\/\/pp3bogatynia.pl\/index.php\/zajecia\/","title":{"rendered":"test"},"content":{"rendered":"\t\t<div data-elementor-type=\"wp-page\" data-elementor-id=\"19\" class=\"elementor elementor-19\">\n\t\t\t\t\t\t<section class=\"elementor-section elementor-top-section elementor-element elementor-element-351b3dd1 elementor-section-boxed elementor-section-height-default elementor-section-height-default\" data-id=\"351b3dd1\" data-element_type=\"section\" data-e-type=\"section\">\n\t\t\t\t\t\t<div class=\"elementor-container elementor-column-gap-default\">\n\t\t\t\t\t<div class=\"elementor-column elementor-col-100 elementor-top-column elementor-element elementor-element-6139636f\" data-id=\"6139636f\" data-element_type=\"column\" data-e-type=\"column\">\n\t\t\t<div class=\"elementor-widget-wrap elementor-element-populated\">\n\t\t\t\t\t\t<div class=\"elementor-element elementor-element-59eb7e61 elementor-widget elementor-widget-text-editor\" data-id=\"59eb7e61\" data-element_type=\"widget\" data-e-type=\"widget\" data-widget_type=\"text-editor.default\">\n\t\t\t\t<div class=\"elementor-widget-container\">\n\t\t\t\t\t\t\t\t\t<p><img fetchpriority=\"high\" decoding=\"async\" class=\"wp-image-167 aligncenter\" src=\"http:\/\/pp3bogatynia.pl\/wp-content\/uploads\/2019\/11\/DSC_6818-Pano-300x129.jpg\" alt=\"\" width=\"440\" height=\"189\" srcset=\"https:\/\/pp3bogatynia.pl\/wp-content\/uploads\/2019\/11\/DSC_6818-Pano-300x129.jpg 300w, https:\/\/pp3bogatynia.pl\/wp-content\/uploads\/2019\/11\/DSC_6818-Pano-768x330.jpg 768w, https:\/\/pp3bogatynia.pl\/wp-content\/uploads\/2019\/11\/DSC_6818-Pano-1024x440.jpg 1024w\" sizes=\"(max-width: 440px) 100vw, 440px\" \/><\/p><p>\u00a0<\/p>\t\t\t\t\t\t\t\t<\/div>\n\t\t\t\t<\/div>\n\t\t\t\t\t<\/div>\n\t\t<\/div>\n\t\t\t\t\t<\/div>\n\t\t<\/section>\n\t\t\t\t<section class=\"elementor-section elementor-top-section elementor-element elementor-element-d1bd53c elementor-section-boxed elementor-section-height-default elementor-section-height-default\" data-id=\"d1bd53c\" data-element_type=\"section\" data-e-type=\"section\">\n\t\t\t\t\t\t<div class=\"elementor-container elementor-column-gap-default\">\n\t\t\t\t\t<div class=\"elementor-column elementor-col-100 elementor-top-column elementor-element elementor-element-64e7e8c\" data-id=\"64e7e8c\" data-element_type=\"column\" data-e-type=\"column\">\n\t\t\t<div class=\"elementor-widget-wrap elementor-element-populated\">\n\t\t\t\t\t\t<div class=\"elementor-element elementor-element-971c324 elementor-widget elementor-widget-text-editor\" data-id=\"971c324\" data-element_type=\"widget\" data-e-type=\"widget\" data-widget_type=\"text-editor.default\">\n\t\t\t\t<div class=\"elementor-widget-container\">\n\t\t\t\t\t\t\t\t\t<p><em><strong>Zapraszamy do zapoznania si\u0119 z dokumentami obowi\u0105zuj\u0105cymi w naszym przedszkolu.<\/strong><\/em><\/p><p><a href=\"http:\/\/pp3bogatynia.pl\/wp-content\/uploads\/2020\/08\/Schemat-organizacyjny-Przedszkola-Publicznego-nr-3-z-Oddzia\u0142ami-Integracyjnymi.doc\">Schemat organizacyjny Przedszkola Publicznego nr 3 z Oddzia\u0142ami Integracyjnymi<\/a><\/p><p><a href=\"http:\/\/pp3bogatynia.pl\/wp-content\/uploads\/2020\/08\/REGULAMIN-ORGANIZACYJNY.docx\">REGULAMIN ORGANIZACYJNY<\/a><\/p><p><a href=\"http:\/\/pp3bogatynia.pl\/wp-content\/uploads\/2019\/11\/Statut-2019.docx\">Statut 2019<\/a><\/p><p><a href=\"http:\/\/pp3bogatynia.pl\/wp-content\/uploads\/2019\/11\/PODSTAWA-PROGRAMOWA-WYCHOWANIA-PRZEDSZKOLNEGO.docx\">PODSTAWA PROGRAMOWA WYCHOWANIA PRZEDSZKOLNEGO<\/a><\/p><p>\u00a0<\/p>\t\t\t\t\t\t\t\t<\/div>\n\t\t\t\t<\/div>\n\t\t\t\t\t<\/div>\n\t\t<\/div>\n\t\t\t\t\t<\/div>\n\t\t<\/section>\n\t\t\t\t<\/div>\n\t\t","protected":false},"excerpt":{"rendered":"<p>\u00a0 Zapraszamy do zapoznania si\u0119 z dokumentami obowi\u0105zuj\u0105cymi w naszym przedszkolu. Schemat organizacyjny Przedszkola Publicznego nr 3 z Oddzia\u0142ami Integracyjnymi REGULAMIN ORGANIZACYJNY Statut 2019 PODSTAWA PROGRAMOWA WYCHOWANIA PRZEDSZKOLNEGO \u00a0<\/p>\n","protected":false},"author":1,"featured_media":0,"parent":0,"menu_order":2,"comment_status":"closed","ping_status":"closed","template":"","meta":{"footnotes":""},"class_list":["post-19","page","type-page","status-publish","hentry"],"_links":{"self":[{"href":"https:\/\/pp3bogatynia.pl\/index.php\/wp-json\/wp\/v2\/pages\/19","targetHints":{"allow":["GET"]}}],"collection":[{"href":"https:\/\/pp3bogatynia.pl\/index.php\/wp-json\/wp\/v2\/pages"}],"about":[{"href":"https:\/\/pp3bogatynia.pl\/index.php\/wp-json\/wp\/v2\/types\/page"}],"author":[{"embeddable":true,"href":"https:\/\/pp3bogatynia.pl\/index.php\/wp-json\/wp\/v2\/users\/1"}],"replies":[{"embeddable":true,"href":"https:\/\/pp3bogatynia.pl\/index.php\/wp-json\/wp\/v2\/comments?post=19"}],"version-history":[{"count":8,"href":"https:\/\/pp3bogatynia.pl\/index.php\/wp-json\/wp\/v2\/pages\/19\/revisions"}],"predecessor-version":[{"id":528,"href":"https:\/\/pp3bogatynia.pl\/index.php\/wp-json\/wp\/v2\/pages\/19\/revisions\/528"}],"wp:attachment":[{"href":"https:\/\/pp3bogatynia.pl\/index.php\/wp-json\/wp\/v2\/media?parent=19"}],"curies":[{"name":"wp","href":"https:\/\/api.w.org\/{rel}","templated":true}]}}