{"id":18,"date":"2019-10-06T21:53:10","date_gmt":"2019-10-06T19:53:10","guid":{"rendered":"http:\/\/pp3bogatynia.pl\/index.php\/oprzedszkolu\/"},"modified":"2019-10-31T11:26:33","modified_gmt":"2019-10-31T10:26:33","slug":"oprzedszkolu","status":"publish","type":"page","link":"https:\/\/pp3bogatynia.pl\/index.php\/oprzedszkolu\/","title":{"rendered":"Home"},"content":{"rendered":"\t\t<div data-elementor-type=\"wp-page\" data-elementor-id=\"18\" class=\"elementor elementor-18\">\n\t\t\t\t\t\t<section class=\"elementor-section elementor-top-section elementor-element elementor-element-69d5ec26 elementor-section-boxed elementor-section-height-default elementor-section-height-default\" data-id=\"69d5ec26\" data-element_type=\"section\" data-e-type=\"section\">\n\t\t\t\t\t\t<div class=\"elementor-container elementor-column-gap-default\">\n\t\t\t\t\t<div class=\"elementor-column elementor-col-100 elementor-top-column elementor-element elementor-element-48fdc7ad\" data-id=\"48fdc7ad\" data-element_type=\"column\" data-e-type=\"column\">\n\t\t\t<div class=\"elementor-widget-wrap elementor-element-populated\">\n\t\t\t\t\t\t<div class=\"elementor-element elementor-element-250b3ee4 elementor-widget elementor-widget-text-editor\" data-id=\"250b3ee4\" data-element_type=\"widget\" data-e-type=\"widget\" data-widget_type=\"text-editor.default\">\n\t\t\t\t<div class=\"elementor-widget-container\">\n\t\t\t\t\t\t\t\t\t<div class=\"art-content-layout\"><div class=\"art-content-layout-row\"><div>\u00a0<\/div><div class=\"art-layout-cell\" style=\"width: 36%;\"><br \/><h4>\u00a0<\/h4><h4>\u00a0\u00a0\u00a0 <\/h4><h4>\u00a0<\/h4><h4>\u00a0<\/h4><h4><img decoding=\"async\" class=\"size-full wp-image-105 alignnone\" src=\"http:\/\/pp3bogatynia.pl\/wp-content\/uploads\/2019\/10\/logo.jpg\" alt=\"\" width=\"138\" height=\"61\" \/><\/h4><h4>\u00a0<\/h4><h4>\u00a0Historia przedszkola<\/h4><p style=\"text-align: left;\"><a class=\"art-button\" href=\"http:\/\/pp3bogatynia.pl\/index.php\/2019\/10\/27\/historia-przedszkola\/\">\u00a0Wi\u0119cej<\/a><\/p><\/div><div class=\"art-layout-cell layout-item-0\" style=\"width: 64%;\">\u00a0<img fetchpriority=\"high\" decoding=\"async\" class=\"aligncenter wp-image-52 size-large\" src=\"http:\/\/pp3bogatynia.pl\/wp-content\/uploads\/2019\/10\/DSC_6888-1024x683.jpg\" alt=\"\" width=\"1024\" height=\"683\" srcset=\"https:\/\/pp3bogatynia.pl\/wp-content\/uploads\/2019\/10\/DSC_6888-1024x683.jpg 1024w, https:\/\/pp3bogatynia.pl\/wp-content\/uploads\/2019\/10\/DSC_6888-300x200.jpg 300w, https:\/\/pp3bogatynia.pl\/wp-content\/uploads\/2019\/10\/DSC_6888-768x512.jpg 768w\" sizes=\"(max-width: 1024px) 100vw, 1024px\" \/><\/div><\/div><\/div><div class=\"art-content-layout-br layout-item-1\">\u00a0<\/div><div class=\"art-content-layout layout-item-2\"><div class=\"art-content-layout-row\"><div class=\"art-layout-cell layout-item-3\" style=\"width: 100%;\"><h3 style=\"text-align: left;\">Obraz przedszkola<\/h3><\/div><\/div><\/div><div class=\"art-content-layout-br layout-item-1\">\u00a0<\/div><div class=\"art-content-layout\"><div class=\"art-content-layout-row\"><div class=\"art-layout-cell layout-item-4\" style=\"width: 33%;\"><p align=\"justify\"><span style=\"font-family: Times New Roman, serif;\"><span style=\"font-size: medium;\">Obiekt, w kt\u00f3rym znajduje si\u0119 obecnie przedszkole zosta\u0142 zbudowany w 1896 r. Znajdowa\u0142 si\u0119 wtedy w r\u0119kach w\u0142a\u015bciciela Zak\u0142ad\u00f3w Bawe\u0142nianych. Po wojnie przeszed\u0142 <\/span><\/span><span style=\"font-family: Times New Roman, serif;\"><span style=\"font-size: medium;\">w posiadanie Zak\u0142ad\u00f3w Bawe\u0142nianych \u201e Doltex \u201d i od tej pory funkcjonuje jako przedszkole. Plac\u00f3wka posiada w\u0142a\u015bciwie zagospodarowan\u0105 przestrze\u0144 dostosowan\u0105 do potrzeb psychofizycznych dzieci w wieku przedszkolnym. Dysponuje sze\u015bcioma dobrze wyposa\u017conymi i estetycznymi salami edukacyjnymi oraz gabinetami specjalistycznymi: gabinetem piel\u0119gniarki, gabinetem psychologiczno-pedagogicznym, gabinetem do hydromasa\u017cu, sal\u0105 rehabilitacyjn\u0105, sal\u0105 do\u015bwiadczania \u015bwiata (pomieszczeniem do terapii wielop\u0142aszczyznowej), pokojem nauczycielskim oraz szatni\u0105 dla dzieci. Przyjazne dla dzieci \u015brodowisko tworzy ogr\u00f3d przedszkolny z du\u017cym placem zabaw wyposa\u017conym w atestowane urz\u0105dzenia, a tak\u017ce drzewa, tworz\u0105ce swoisty klimat parku.<\/span><\/span><\/p><\/div><\/div><\/div><div class=\"art-content-layout\"><div class=\"art-content-layout-row\"><div class=\"art-layout-cell\" style=\"width: 100%;\"><p><a href=\"http:\/\/pp3bogatynia.pl\/index.php\/2019\/10\/31\/obraz-przedszkola\/\">Wi\u0119cej<\/a><\/p><\/div><\/div><\/div>\t\t\t\t\t\t\t\t<\/div>\n\t\t\t\t<\/div>\n\t\t\t\t\t<\/div>\n\t\t<\/div>\n\t\t\t\t\t<\/div>\n\t\t<\/section>\n\t\t\t\t<\/div>\n\t\t","protected":false},"excerpt":{"rendered":"<p>&nbsp; &nbsp;&nbsp;&nbsp; &nbsp; &nbsp; &nbsp; &nbsp;Historia przedszkola &nbsp;Wi\u0119cej &nbsp;&nbsp; Obraz przedszkola Obiekt, w kt\u00f3rym znajduje si\u0119 obecnie przedszkole zosta\u0142 zbudowany w 1896 r. Znajdowa\u0142 si\u0119 wtedy w r\u0119kach w\u0142a\u015bciciela Zak\u0142ad\u00f3w Bawe\u0142nianych. Po wojnie przeszed\u0142 w posiadanie Zak\u0142ad\u00f3w Bawe\u0142nianych \u201e Doltex \u201d i od tej pory funkcjonuje jako przedszkole. Plac\u00f3wka posiada w\u0142a\u015bciwie zagospodarowan\u0105 przestrze\u0144 dostosowan\u0105 do [&hellip;]<\/p>\n","protected":false},"author":1,"featured_media":0,"parent":0,"menu_order":1,"comment_status":"closed","ping_status":"closed","template":"","meta":{"footnotes":""},"class_list":["post-18","page","type-page","status-publish","hentry"],"_links":{"self":[{"href":"https:\/\/pp3bogatynia.pl\/index.php\/wp-json\/wp\/v2\/pages\/18","targetHints":{"allow":["GET"]}}],"collection":[{"href":"https:\/\/pp3bogatynia.pl\/index.php\/wp-json\/wp\/v2\/pages"}],"about":[{"href":"https:\/\/pp3bogatynia.pl\/index.php\/wp-json\/wp\/v2\/types\/page"}],"author":[{"embeddable":true,"href":"https:\/\/pp3bogatynia.pl\/index.php\/wp-json\/wp\/v2\/users\/1"}],"replies":[{"embeddable":true,"href":"https:\/\/pp3bogatynia.pl\/index.php\/wp-json\/wp\/v2\/comments?post=18"}],"version-history":[{"count":14,"href":"https:\/\/pp3bogatynia.pl\/index.php\/wp-json\/wp\/v2\/pages\/18\/revisions"}],"predecessor-version":[{"id":124,"href":"https:\/\/pp3bogatynia.pl\/index.php\/wp-json\/wp\/v2\/pages\/18\/revisions\/124"}],"wp:attachment":[{"href":"https:\/\/pp3bogatynia.pl\/index.php\/wp-json\/wp\/v2\/media?parent=18"}],"curies":[{"name":"wp","href":"https:\/\/api.w.org\/{rel}","templated":true}]}}